{"id":905,"date":"2025-06-13T11:38:53","date_gmt":"2025-06-13T10:38:53","guid":{"rendered":"https:\/\/www.kuechenchor.at\/?page_id=905"},"modified":"2025-10-04T15:16:57","modified_gmt":"2025-10-04T14:16:57","slug":"ueber-kurz-oder-lang","status":"publish","type":"page","link":"https:\/\/www.kuechenchor.at\/","title":{"rendered":"\u00fcber kurz oder lang"},"content":{"rendered":"\n<p>Nichts bleibt, wie es ist. Emotional aufgeladene Dinge und Orte \u00fcberleben oder vergehen. Damit umzugehen, ist eine Herausforderung, der sich die S\u00e4ngerinnen und S\u00e4nger in lustvoller Weise stellen. Inspiriert von Werken der Fotografin und Objektsammlerin Trude Lukacsek taucht der Chor mit Kreativit\u00e4t und viel Humor in einen bunten Bilderreigen ein und besingt, was ihn bewegt.<\/p>\n\n\n\n<p> <\/p>\n\n\n\n<p>Musikalische Leitung &amp; Dirigat: Daniel L\u00f3pez-Cort\u00e9s<br>Regie &amp; Kost\u00fcme: Michaela Schwind Regieassistenz: B\u00e4rbel Breuss Fotos: Trude Lukacsek<br>Sounds: Teresa Schwind Drohne: Lino Breuss Organisation: Wiltrud Breuss<\/p>\n\n\n\n<p>Premiere: Fr. 14. November 2025<\/p>\n\n\n\n<p>Weitere Termine: Sa. 15. \/ Mo. 17. \/ Di. 18. \/ Do. 20. \/ Fr. 21. \/ Sa. 22. November<\/p>\n\n\n\n<p>jeweils 19:30 Uhr<\/p>\n\n\n\n<script src=\"https:\/\/ntry.at\/iframe\/berkurznoderlang.js?l=de\" type=\"text\/javascript\">oder hier<\/script>\n\n\n\n<p><\/p>\n\n\n\n<p><\/p>\n\n\n\n<p>kann man auch <a href=\"https:\/\/ntry.at\/berkurznoderlang\" target=\"_blank\" rel=\"noopener\">hier<\/a><\/p>\n","protected":false},"excerpt":{"rendered":"<p>Nichts bleibt, wie es ist. Emotional aufgeladene Dinge und Orte \u00fcberleben oder vergehen. Damit umzugehen, ist eine Herausforderung, der sich die S\u00e4ngerinnen und S\u00e4nger in lustvoller Weise stellen. Inspiriert von Werken der Fotografin und Objektsammlerin Trude Lukacsek taucht der Chor &hellip; <a href=\"https:\/\/www.kuechenchor.at\/\">Weiterlesen <span class=\"meta-nav\">&rarr;<\/span><\/a><\/p>\n","protected":false},"author":3,"featured_media":1000,"parent":0,"menu_order":1,"comment_status":"closed","ping_status":"closed","template":"","meta":{"ngg_post_thumbnail":0},"aioseo_notices":[],"_links":{"self":[{"href":"https:\/\/www.kuechenchor.at\/index.php?rest_route=\/wp\/v2\/pages\/905"}],"collection":[{"href":"https:\/\/www.kuechenchor.at\/index.php?rest_route=\/wp\/v2\/pages"}],"about":[{"href":"https:\/\/www.kuechenchor.at\/index.php?rest_route=\/wp\/v2\/types\/page"}],"author":[{"embeddable":true,"href":"https:\/\/www.kuechenchor.at\/index.php?rest_route=\/wp\/v2\/users\/3"}],"replies":[{"embeddable":true,"href":"https:\/\/www.kuechenchor.at\/index.php?rest_route=%2Fwp%2Fv2%2Fcomments&post=905"}],"version-history":[{"count":18,"href":"https:\/\/www.kuechenchor.at\/index.php?rest_route=\/wp\/v2\/pages\/905\/revisions"}],"predecessor-version":[{"id":990,"href":"https:\/\/www.kuechenchor.at\/index.php?rest_route=\/wp\/v2\/pages\/905\/revisions\/990"}],"wp:featuredmedia":[{"embeddable":true,"href":"https:\/\/www.kuechenchor.at\/index.php?rest_route=\/wp\/v2\/media\/1000"}],"wp:attachment":[{"href":"https:\/\/www.kuechenchor.at\/index.php?rest_route=%2Fwp%2Fv2%2Fmedia&parent=905"}],"curies":[{"name":"wp","href":"https:\/\/api.w.org\/{rel}","templated":true}]}}