{"id":70,"date":"2019-04-19T15:45:38","date_gmt":"2019-04-19T15:45:38","guid":{"rendered":"http:\/\/wp-kuechenchor.barrierefreies-webdesign.or.at\/?page_id=70"},"modified":"2025-07-23T21:45:21","modified_gmt":"2025-07-23T20:45:21","slug":"buchprojekt","status":"publish","type":"page","link":"https:\/\/www.kuechenchor.at\/?page_id=70","title":{"rendered":"Buchprojekt"},"content":{"rendered":"<h2>INTRO<\/h2>\n<p>Der Name Jedweder K\u00fcchenchor ist eine Quelle der Missverst\u00e4ndnisse. Er legt nahe, dass der Chor auf K\u00fcchenlieder spezialisiert sei, was er in keiner Weise ist. Jedweder bedeutet auch nicht, dass kritiklos alles gesungen wird, was uns gebracht wird, oder dass wir alle mit offenen Armen aufnehmen, die mitsingen wollen.<\/p>\n<p>Der Name wurde nach einer Probe im Gastgarten beim Essen und Trinken kreiert. Er dient vor allem als Abgrenzung zu Kammer- und Kirchenchor und legt uns auf kein bestimmtes Genre fest. Wir wildern musikalisch in allen G\u00e4rten und kochen dann unser eigenes S\u00fcppchen.<\/p>\n<p>Die gemeinsam verbrachte Zeit, die unterschiedlichen Aktivit\u00e4ten und vor allem das miteinander Singen haben sehr verschiedene Menschen unterschiedlichster Herkunft und Profession zu einer Gruppe gemacht. Das hohe Lustpotenzial soll nicht dar\u00fcber hinwegt\u00e4uschen, dass die Proben harte Arbeit sind, sowohl f\u00fcr die Chormitglieder als gro\u00dfteils musikalische Laien, als auch f\u00fcr die professionelle Chorleitung.<\/p>\n<p>Miteinander Singen hei\u00dft auch: in Harmonie sein. Ein hehres Ziel, das nicht immer erreicht, aber unerm\u00fcdlich angestrebt wird. Auftretende Dissonanzen m\u00fcssen geh\u00f6rt, erkannt, ertragen, richtig platziert oder umgewandelt werden. Das erfordert viel Geduld, Ausdauer und Toleranz und bringt neben Spa\u00df und Freude hohen Erkenntnisgewinn in Bezug auf eigene Besonderheiten und die anderer.<\/p>\n<p>Der soziale Faktor ist jedenfalls ein gewichtiger. Viele treffen sich auch au\u00dferhalb der Proben, tun dies und jenes, kochen und essen miteinander. Darum gibt es in diesem Buch Rezepte f\u00fcr kleine und gro\u00dfe Gruppen, und die Unterschiedlichkeit der Rezepturen spiegelt die Heterogenit\u00e4t der Gruppe wider.<\/p>\n<p>In Abwandlung eines alten Sprichwortes behaupten wir: Essen, Trinken und Singen h\u00e4lt Leib, Seele und den K\u00fcchenchor zusammen.<\/p>\n<p>&nbsp;<\/p>\n<p>&nbsp;<\/p>\n\n\n<figure class=\"wp-block-image\"><img decoding=\"async\" loading=\"lazy\" width=\"397\" height=\"354\" src=\"http:\/\/www.kuechenchor.at\/wp-content\/uploads\/2019\/04\/DAS_BUCH_SCHMECKS-Cover.jpg\" alt=\"\" class=\"wp-image-662\" srcset=\"https:\/\/www.kuechenchor.at\/wp-content\/uploads\/2019\/04\/DAS_BUCH_SCHMECKS-Cover.jpg 397w, https:\/\/www.kuechenchor.at\/wp-content\/uploads\/2019\/04\/DAS_BUCH_SCHMECKS-Cover-300x268.jpg 300w\" sizes=\"(max-width: 397px) 100vw, 397px\" \/><figcaption class=\"wp-element-caption\">Unser Kochbuch &#8211; leider vergriffen<\/figcaption><\/figure>\n","protected":false},"excerpt":{"rendered":"<p>INTRO Der Name Jedweder K\u00fcchenchor ist eine Quelle der Missverst\u00e4ndnisse. Er legt nahe, dass der Chor auf K\u00fcchenlieder spezialisiert sei, was er in keiner Weise ist. Jedweder bedeutet auch nicht, dass kritiklos alles gesungen wird, was uns gebracht wird, oder &hellip; <a href=\"https:\/\/www.kuechenchor.at\/?page_id=70\">Weiterlesen <span class=\"meta-nav\">&rarr;<\/span><\/a><\/p>\n","protected":false},"author":4,"featured_media":662,"parent":0,"menu_order":1,"comment_status":"closed","ping_status":"closed","template":"onecolumn-page.php","meta":{"ngg_post_thumbnail":0},"aioseo_notices":[],"_links":{"self":[{"href":"https:\/\/www.kuechenchor.at\/index.php?rest_route=\/wp\/v2\/pages\/70"}],"collection":[{"href":"https:\/\/www.kuechenchor.at\/index.php?rest_route=\/wp\/v2\/pages"}],"about":[{"href":"https:\/\/www.kuechenchor.at\/index.php?rest_route=\/wp\/v2\/types\/page"}],"author":[{"embeddable":true,"href":"https:\/\/www.kuechenchor.at\/index.php?rest_route=\/wp\/v2\/users\/4"}],"replies":[{"embeddable":true,"href":"https:\/\/www.kuechenchor.at\/index.php?rest_route=%2Fwp%2Fv2%2Fcomments&post=70"}],"version-history":[{"count":8,"href":"https:\/\/www.kuechenchor.at\/index.php?rest_route=\/wp\/v2\/pages\/70\/revisions"}],"predecessor-version":[{"id":814,"href":"https:\/\/www.kuechenchor.at\/index.php?rest_route=\/wp\/v2\/pages\/70\/revisions\/814"}],"wp:featuredmedia":[{"embeddable":true,"href":"https:\/\/www.kuechenchor.at\/index.php?rest_route=\/wp\/v2\/media\/662"}],"wp:attachment":[{"href":"https:\/\/www.kuechenchor.at\/index.php?rest_route=%2Fwp%2Fv2%2Fmedia&parent=70"}],"curies":[{"name":"wp","href":"https:\/\/api.w.org\/{rel}","templated":true}]}}