{"id":14,"date":"2011-09-20T11:05:10","date_gmt":"2011-09-20T11:05:10","guid":{"rendered":"http:\/\/wp-kuechenchor.barrierefreies-webdesign.or.at\/?page_id=14"},"modified":"2023-11-20T21:51:35","modified_gmt":"2023-11-20T20:51:35","slug":"geschichte","status":"publish","type":"page","link":"https:\/\/www.kuechenchor.at\/?page_id=14","title":{"rendered":"Geschichte"},"content":{"rendered":"<h2>Jedweder K\u00fcchenchor \u2013 eine Art Lebenslauf<\/h2>\n<p>Im Herbst 1987 fand eine Reihe von Leuten mit ausgepr\u00e4gter Lust am Singen ihr Bet\u00e4tigungsfeld im soeben vom Chorleiter und Kontrabassisten Arnulf Lindner gegr\u00fcndeten \u201cChor der Stadtinitiative Wien\u201d. In Abgrenzung von Kammer- und Kirchenchor stiftete der Name &#8222;Jedweder K\u00fcchenchor&#8220; eine Identit\u00e4t, die es in der Folge erlaubte, sich quer durch das Repertoire der Musikliteratur zu singen.<\/p>\n<p>Nach den anf\u00e4nglich ausschlie\u00dflich musikalischen Chordarbietungen, entdeckte der Chor immer mehr die Lust zur kreativen B\u00fchnengestaltung und begann dramaturgische Elemente in die musikalische Darbietung einzubauen. F\u00fcr das Programm \u201eFamilie Grinzinger besteigt einen Berg\u201c 1997, engagierte er erstmals eine Regisseurin (Nika Sommeregger), die den Chor bei der Inszenierung unterst\u00fctzte.<\/p>\n<p>Mit den letzten gr\u00f6\u00dferen Programmen <i>F\u00f6rdernd ist Beharrlichkeit<\/i>, <i>Walisische Planktonmusik<\/i>, <i>20 Jahre Sound im Getriebe &#8211; ein Fest <\/i>, <i>Prinzipiell bin ich ja lieber da<\/i> und <i>Schmeck&#8217;s<\/i> ging der Chor weiter in Richtung Musiktheater und arbeitete intensiv mit der Regisseurin Michaela Schwind zusammen.<\/p>\n<p>Dirigenten waren: Arnulf Lindner, Peter Tillberg, Marcelo Onofri, Fanya de Stella, Gerhard Urban, Dan Worcester, Tristan Schulze, Florian Kovacic, Alexander Kukelka, Aleksey Igudesman, Michael Machtinger, von J\u00e4nner 2005 bis Sommer 2023 <a href=\"http:\/\/www.nellylipuma.com\">Nelly LiPuma <\/a>. Seit Herbst 2023 leitet Daniel L\u00f3pez-Cort\u00e9s den Chor.<\/p>\n<p>&nbsp;<\/p>\n","protected":false},"excerpt":{"rendered":"<p>Jedweder K\u00fcchenchor \u2013 eine Art Lebenslauf Im Herbst 1987 fand eine Reihe von Leuten mit ausgepr\u00e4gter Lust am Singen ihr Bet\u00e4tigungsfeld im soeben vom Chorleiter und Kontrabassisten Arnulf Lindner gegr\u00fcndeten \u201cChor der Stadtinitiative Wien\u201d. In Abgrenzung von Kammer- und Kirchenchor &hellip; <a href=\"https:\/\/www.kuechenchor.at\/?page_id=14\">Weiterlesen <span class=\"meta-nav\">&rarr;<\/span><\/a><\/p>\n","protected":false},"author":1,"featured_media":129,"parent":0,"menu_order":1,"comment_status":"closed","ping_status":"closed","template":"","meta":{"ngg_post_thumbnail":0},"aioseo_notices":[],"_links":{"self":[{"href":"https:\/\/www.kuechenchor.at\/index.php?rest_route=\/wp\/v2\/pages\/14"}],"collection":[{"href":"https:\/\/www.kuechenchor.at\/index.php?rest_route=\/wp\/v2\/pages"}],"about":[{"href":"https:\/\/www.kuechenchor.at\/index.php?rest_route=\/wp\/v2\/types\/page"}],"author":[{"embeddable":true,"href":"https:\/\/www.kuechenchor.at\/index.php?rest_route=\/wp\/v2\/users\/1"}],"replies":[{"embeddable":true,"href":"https:\/\/www.kuechenchor.at\/index.php?rest_route=%2Fwp%2Fv2%2Fcomments&post=14"}],"version-history":[{"count":11,"href":"https:\/\/www.kuechenchor.at\/index.php?rest_route=\/wp\/v2\/pages\/14\/revisions"}],"predecessor-version":[{"id":898,"href":"https:\/\/www.kuechenchor.at\/index.php?rest_route=\/wp\/v2\/pages\/14\/revisions\/898"}],"wp:featuredmedia":[{"embeddable":true,"href":"https:\/\/www.kuechenchor.at\/index.php?rest_route=\/wp\/v2\/media\/129"}],"wp:attachment":[{"href":"https:\/\/www.kuechenchor.at\/index.php?rest_route=%2Fwp%2Fv2%2Fmedia&parent=14"}],"curies":[{"name":"wp","href":"https:\/\/api.w.org\/{rel}","templated":true}]}}